{"id":1081,"date":"2019-03-01T12:12:51","date_gmt":"2019-03-01T11:12:51","guid":{"rendered":"http:\/\/www.viellums.com\/?page_id=1081"},"modified":"2021-04-27T19:15:55","modified_gmt":"2021-04-27T17:15:55","slug":"contacto","status":"publish","type":"page","link":"https:\/\/www.viellums.com\/es\/contacto\/","title":{"rendered":"CONTACTO"},"content":{"rendered":"<p>[et_pb_section fb_built=\u00bb1&#8243; _builder_version=\u00bb3.19.15&#8243;][et_pb_row _builder_version=\u00bb3.19.15&#8243;][et_pb_column type=\u00bb1_2&#8243; _builder_version=\u00bb3.19.15&#8243;][et_pb_image src=\u00bbhttp:\/\/www.viellums.com\/wp-content\/uploads\/2019\/02\/interiores-1.jpg\u00bb _builder_version=\u00bb3.19.15&#8243;][\/et_pb_image][\/et_pb_column][et_pb_column type=\u00bb1_2&#8243; _builder_version=\u00bb3.19.15&#8243;][et_pb_code _builder_version=\u00bb3.19.15&#8243;]<div role=\"form\" class=\"wpcf7\" id=\"wpcf7-f1622-o1\" lang=\"es-ES\" dir=\"ltr\">\n<div class=\"screen-reader-response\"><p role=\"status\" aria-live=\"polite\" aria-atomic=\"true\"><\/p> <ul><\/ul><\/div>\n<form action=\"\/es\/wp-json\/wp\/v2\/pages\/1081#wpcf7-f1622-o1\" method=\"post\" class=\"wpcf7-form init\" novalidate=\"novalidate\" data-status=\"init\">\n<div style=\"display: none;\">\n<input type=\"hidden\" name=\"_wpcf7\" value=\"1622\" \/>\n<input type=\"hidden\" name=\"_wpcf7_version\" value=\"5.4\" \/>\n<input type=\"hidden\" name=\"_wpcf7_locale\" value=\"es_ES\" \/>\n<input type=\"hidden\" name=\"_wpcf7_unit_tag\" value=\"wpcf7-f1622-o1\" \/>\n<input type=\"hidden\" name=\"_wpcf7_container_post\" value=\"0\" \/>\n<input type=\"hidden\" name=\"_wpcf7_posted_data_hash\" value=\"\" \/>\n<input type=\"hidden\" name=\"_wpcf7_recaptcha_response\" value=\"\" \/>\n<\/div>\n<p><label> Nombre (obligatorio)<br \/>\n    <span class=\"wpcf7-form-control-wrap your-name\"><input type=\"text\" name=\"your-name\" value=\"\" size=\"40\" class=\"wpcf7-form-control wpcf7-text wpcf7-validates-as-required\" aria-required=\"true\" aria-invalid=\"false\" \/><\/span> <\/label><\/p>\n<p><label> Tu correo (obligatorio)<br \/>\n    <span class=\"wpcf7-form-control-wrap your-email\"><input type=\"email\" name=\"your-email\" value=\"\" size=\"40\" class=\"wpcf7-form-control wpcf7-text wpcf7-email wpcf7-validates-as-required wpcf7-validates-as-email\" aria-required=\"true\" aria-invalid=\"false\" \/><\/span> <\/label><\/p>\n<p><label> Mensaje (obligatorio)<br \/>\n    <span class=\"wpcf7-form-control-wrap your-message\"><textarea name=\"your-message\" cols=\"40\" rows=\"10\" class=\"wpcf7-form-control wpcf7-textarea wpcf7-validates-as-required\" aria-required=\"true\" aria-invalid=\"false\"><\/textarea><\/span> <\/label><br \/>\n<input type=\"submit\" value=\"Enviar\" class=\"wpcf7-form-control wpcf7-submit\" \/><\/p>\n<div class=\"wpcf7-response-output\" aria-hidden=\"true\"><\/div><\/form><\/div>[\/et_pb_code][et_pb_text _builder_version=\u00bb3.19.15&#8243; text_font=\u00bb|300|||||||\u00bb link_font=\u00bb||||||||\u00bb ul_font=\u00bb||||||||\u00bb header_font=\u00bb|300|||||||\u00bb]<\/p>\n<p>Vi\u00e9 Il.luminaci\u00f3 i Material El\u00e8ctric<\/p>\n<p>Pla\u00e7a Sant Roc, 3<br \/> 08201 Sabadell<br \/> Tel. 937 263 209<br \/> <strong><a href=\"mailto:info@viellums.com\">info@viellums.com<\/a><\/strong><\/p>\n<p style=\"text-align: left;\"><strong>Horario:<\/strong><br \/>Lunes a Jueves: 9.30 &#8211; 13.30h \/ 16.30h &#8211; 20h<br \/>Viernes: 17:00h &#8211; 20:30h<br \/>S\u00e1bados: 9:30h &#8211; 13:30h<\/p>\n<p>[\/et_pb_text][\/et_pb_column][\/et_pb_row][\/et_pb_section]<\/p>\n","protected":false},"excerpt":{"rendered":"<p>[et_pb_section fb_built=\u00bb1&#8243; _builder_version=\u00bb3.19.15&#8243;][et_pb_row _builder_version=\u00bb3.19.15&#8243;][et_pb_column type=\u00bb1_2&#8243; _builder_version=\u00bb3.19.15&#8243;][et_pb_image src=\u00bbhttp:\/\/www.viellums.com\/wp-content\/uploads\/2019\/02\/interiores-1.jpg\u00bb _builder_version=\u00bb3.19.15&#8243;][\/et_pb_image][\/et_pb_column][et_pb_column type=\u00bb1_2&#8243; _builder_version=\u00bb3.19.15&#8243;][et_pb_code _builder_version=\u00bb3.19.15&#8243;][\/et_pb_code][et_pb_text _builder_version=\u00bb3.19.15&#8243; text_font=\u00bb|300|||||||\u00bb link_font=\u00bb||||||||\u00bb ul_font=\u00bb||||||||\u00bb header_font=\u00bb|300|||||||\u00bb] Vi\u00e9 Il.luminaci\u00f3 i Material El\u00e8ctric Pla\u00e7a Sant Roc, 3 08201 Sabadell Tel. 937 263 209 info@viellums.com Horario:Lunes a Jueves: 9.30 &#8211; 13.30h \/ 16.30h &#8211; 20hViernes: 17:00h &#8211; 20:30hS\u00e1bados: 9:30h &#8211; 13:30h [\/et_pb_text][\/et_pb_column][\/et_pb_row][\/et_pb_section]<\/p>\n","protected":false},"author":1,"featured_media":0,"parent":0,"menu_order":0,"comment_status":"closed","ping_status":"closed","template":"","meta":{"_et_pb_use_builder":"on","_et_pb_old_content":""},"_links":{"self":[{"href":"https:\/\/www.viellums.com\/es\/wp-json\/wp\/v2\/pages\/1081"}],"collection":[{"href":"https:\/\/www.viellums.com\/es\/wp-json\/wp\/v2\/pages"}],"about":[{"href":"https:\/\/www.viellums.com\/es\/wp-json\/wp\/v2\/types\/page"}],"author":[{"embeddable":true,"href":"https:\/\/www.viellums.com\/es\/wp-json\/wp\/v2\/users\/1"}],"replies":[{"embeddable":true,"href":"https:\/\/www.viellums.com\/es\/wp-json\/wp\/v2\/comments?post=1081"}],"version-history":[{"count":22,"href":"https:\/\/www.viellums.com\/es\/wp-json\/wp\/v2\/pages\/1081\/revisions"}],"predecessor-version":[{"id":2103,"href":"https:\/\/www.viellums.com\/es\/wp-json\/wp\/v2\/pages\/1081\/revisions\/2103"}],"wp:attachment":[{"href":"https:\/\/www.viellums.com\/es\/wp-json\/wp\/v2\/media?parent=1081"}],"curies":[{"name":"wp","href":"https:\/\/api.w.org\/{rel}","templated":true}]}}