{"id":1139,"date":"2019-02-20T09:29:24","date_gmt":"2019-02-20T08:29:24","guid":{"rendered":"http:\/\/www.viellums.com\/?page_id=1139"},"modified":"2021-04-27T19:16:15","modified_gmt":"2021-04-27T17:16:15","slug":"quienes-somos","status":"publish","type":"page","link":"https:\/\/www.viellums.com\/es\/quienes-somos\/","title":{"rendered":"QUIENES SOMOS"},"content":{"rendered":"<p>[et_pb_section fb_built=\u00bb1&#8243; _builder_version=\u00bb3.19.15&#8243; custom_padding=\u00bb54px|0px|1px|0px|false|false\u00bb][et_pb_row custom_padding=\u00bb0|0px|27px|0px|false|false\u00bb _builder_version=\u00bb3.19.15&#8243;][et_pb_column type=\u00bb4_4&#8243; _builder_version=\u00bb3.19.15&#8243;][et_pb_text _builder_version=\u00bb3.19.15&#8243; text_font=\u00bbPoppins|300|||||||\u00bb header_font=\u00bb||||||||\u00bb]<\/p>\n<p style=\"text-align: justify;\"><span style=\"color: #000000;\">Desde 1929, Vi\u00e9 ha dedicado a la iluminaci\u00f3n tanto t\u00e9cnica como decorativa. Este a\u00f1o celebramos 90 a\u00f1os, siempre basados \u200b\u200ben el centro de Sabadell pero en locales diferentes. Desde hace cinco a\u00f1os hemos integrado <strong> las dos tiendas de material el\u00e9ctrico y decorativo en un solo espacio para que su visita \/ compra sea m\u00e1s eficiente.<\/strong> En la Plaza San Roque, 3 (nuestra &#8216;tienda&#8217; madre) somos los Vi\u00e9 de siempre, que despu\u00e9s de tantos a\u00f1os de experiencia, sabemos que podemos ofrecer un trato personal y profesional que le ayudar\u00e1 a encontrar la iluminaci\u00f3n o material que m\u00e1s se ajusta a sus necesidades y gustos.<\/span><\/p>\n<p style=\"text-align: justify;\"><span style=\"color: #5e5e5e; font-size: 14px;\">Particulares, arquitectos, interioristas, decoradores o contratistas os ofreceremos un asesoramiento integral. Realizamos proyectos de iluminaci\u00f3n, fabricaci\u00f3n a medida, reparaci\u00f3n y suministro de repuestos.<\/span><\/p>\n<p style=\"text-align: justify;\"><span style=\"color: #5e5e5e;\">A Vi\u00e9 Iluminaci\u00f3n decorativa, encontrar\u00e1 las \u00faltimas novedades en dise\u00f1o y tambi\u00e9n los productos cl\u00e1sicos para crear un ambiente \u00fanico en viviendas, locales comerciales, restaurantes, oficinas, naves industriales, centros deportivos, hoteles, fachadas, jardines &#8230;<\/span><\/p>\n<p style=\"text-align: justify;\"><span style=\"color: #5e5e5e;\">Adem\u00e1s, disponemos de una amplia gama de material el\u00e9ctrico, y de las \u00faltimas novedades en LED y bajo consumo para abaratar sus facturas de electricidad. Pilas, bombillas, peque\u00f1o electrodom\u00e9stico y material inform\u00e1tico. Ven a Vi\u00e9, en la Plaza San Roque, 3 esquina con la calle Sant Quirze y te asesoraremos.<\/span><\/p>\n<p>[\/et_pb_text][et_pb_image src=\u00bbhttp:\/\/www.viellums.com\/wp-content\/uploads\/2019\/02\/IMG_9239-300&#215;225-1.jpg\u00bb align=\u00bbcenter\u00bb _builder_version=\u00bb3.19.15&#8243;][\/et_pb_image][\/et_pb_column][\/et_pb_row][\/et_pb_section]<\/p>\n","protected":false},"excerpt":{"rendered":"<p>[et_pb_section fb_built=\u00bb1&#8243; _builder_version=\u00bb3.19.15&#8243; custom_padding=\u00bb54px|0px|1px|0px|false|false\u00bb][et_pb_row custom_padding=\u00bb0|0px|27px|0px|false|false\u00bb _builder_version=\u00bb3.19.15&#8243;][et_pb_column type=\u00bb4_4&#8243; _builder_version=\u00bb3.19.15&#8243;][et_pb_text _builder_version=\u00bb3.19.15&#8243; text_font=\u00bbPoppins|300|||||||\u00bb header_font=\u00bb||||||||\u00bb] Desde 1929, Vi\u00e9 ha dedicado a la iluminaci\u00f3n tanto t\u00e9cnica como decorativa. Este a\u00f1o celebramos 90 a\u00f1os, siempre basados \u200b\u200ben el centro de Sabadell pero en locales diferentes. Desde hace cinco a\u00f1os hemos integrado las dos tiendas de material el\u00e9ctrico y decorativo en un [&hellip;]<\/p>\n","protected":false},"author":1,"featured_media":0,"parent":0,"menu_order":0,"comment_status":"closed","ping_status":"closed","template":"","meta":{"_et_pb_use_builder":"on","_et_pb_old_content":""},"_links":{"self":[{"href":"https:\/\/www.viellums.com\/es\/wp-json\/wp\/v2\/pages\/1139"}],"collection":[{"href":"https:\/\/www.viellums.com\/es\/wp-json\/wp\/v2\/pages"}],"about":[{"href":"https:\/\/www.viellums.com\/es\/wp-json\/wp\/v2\/types\/page"}],"author":[{"embeddable":true,"href":"https:\/\/www.viellums.com\/es\/wp-json\/wp\/v2\/users\/1"}],"replies":[{"embeddable":true,"href":"https:\/\/www.viellums.com\/es\/wp-json\/wp\/v2\/comments?post=1139"}],"version-history":[{"count":5,"href":"https:\/\/www.viellums.com\/es\/wp-json\/wp\/v2\/pages\/1139\/revisions"}],"predecessor-version":[{"id":1943,"href":"https:\/\/www.viellums.com\/es\/wp-json\/wp\/v2\/pages\/1139\/revisions\/1943"}],"wp:attachment":[{"href":"https:\/\/www.viellums.com\/es\/wp-json\/wp\/v2\/media?parent=1139"}],"curies":[{"name":"wp","href":"https:\/\/api.w.org\/{rel}","templated":true}]}}